{"id":40,"date":"2026-03-12T17:44:40","date_gmt":"2026-03-12T17:44:40","guid":{"rendered":"https:\/\/moodcandle.pl\/galeria\/"},"modified":"2026-03-31T09:17:31","modified_gmt":"2026-03-31T09:17:31","slug":"galeria","status":"publish","type":"page","link":"https:\/\/moodcandle.pl\/en\/galeria\/","title":{"rendered":"Galeria"},"content":{"rendered":"<div class=\"wp-block-group alignfull is-style-ext-preset--group--natural-1--section has-background-background-color has-background has-global-padding is-layout-constrained wp-container-core-group-is-layout-f72f1611 wp-block-group-is-layout-constrained is-style-ext-preset--group--natural-1--section--1\" id=\"gallery\" style=\"margin-top:0;margin-bottom:0;padding-top:var(--wp--preset--spacing--70);padding-bottom:var(--wp--preset--spacing--70)\">\n<div class=\"wp-block-group alignwide ext-is-logical-start has-global-padding is-content-justification-left is-layout-constrained wp-container-core-group-is-layout-6729bdbe wp-block-group-is-layout-constrained\">\n<h2 class=\"wp-block-heading ext-animate--on\">Wyj\u0105tkowe, r\u0119cznie robione Flower Boxy<\/h2>\n\n\n\n<p class=\"has-text-align-left ext-animate--on\">Zobacz nasze kompozycje!<\/p>\n<\/div>\n\n\n\n<div class=\"wp-block-columns alignwide are-vertically-aligned-top is-layout-flex wp-container-core-columns-is-layout-87beb0d0 wp-block-columns-is-layout-flex\">\n<div class=\"wp-block-column is-vertically-aligned-top ext-animate--on is-layout-flow wp-container-core-column-is-layout-f5bb311e wp-block-column-is-layout-flow\">\n<figure class=\"wp-block-image size-large is-style-ext-preset--image--natural-1--image-1--content-bottom is-style-ext-preset--image--natural-1--image-1--content-bottom--2\"><img loading=\"lazy\" decoding=\"async\" width=\"768\" height=\"1024\" src=\"https:\/\/moodcandle.pl\/wp-content\/uploads\/2026\/03\/20251016_110611-768x1024.jpg\" alt=\"\" class=\"wp-image-152\" style=\"aspect-ratio:1;object-fit:cover\" srcset=\"https:\/\/moodcandle.pl\/wp-content\/uploads\/2026\/03\/20251016_110611-768x1024.jpg 768w, https:\/\/moodcandle.pl\/wp-content\/uploads\/2026\/03\/20251016_110611-225x300.jpg 225w, https:\/\/moodcandle.pl\/wp-content\/uploads\/2026\/03\/20251016_110611-1152x1536.jpg 1152w, https:\/\/moodcandle.pl\/wp-content\/uploads\/2026\/03\/20251016_110611-1536x2048.jpg 1536w, https:\/\/moodcandle.pl\/wp-content\/uploads\/2026\/03\/20251016_110611-9x12.jpg 9w, https:\/\/moodcandle.pl\/wp-content\/uploads\/2026\/03\/20251016_110611-600x800.jpg 600w, https:\/\/moodcandle.pl\/wp-content\/uploads\/2026\/03\/20251016_110611-scaled.jpg 1920w\" sizes=\"auto, (max-width: 768px) 100vw, 768px\" \/><\/figure>\n\n\n\n<figure class=\"wp-block-image size-large is-style-ext-preset--image--natural-1--image-1--content-bottom is-style-ext-preset--image--natural-1--image-1--content-bottom--3\"><img loading=\"lazy\" decoding=\"async\" width=\"768\" height=\"1024\" src=\"https:\/\/moodcandle.pl\/wp-content\/uploads\/2026\/03\/20260203_111557-768x1024.jpg\" alt=\"\" class=\"wp-image-195\" style=\"aspect-ratio:1;object-fit:cover\" srcset=\"https:\/\/moodcandle.pl\/wp-content\/uploads\/2026\/03\/20260203_111557-768x1024.jpg 768w, https:\/\/moodcandle.pl\/wp-content\/uploads\/2026\/03\/20260203_111557-225x300.jpg 225w, https:\/\/moodcandle.pl\/wp-content\/uploads\/2026\/03\/20260203_111557-1152x1536.jpg 1152w, https:\/\/moodcandle.pl\/wp-content\/uploads\/2026\/03\/20260203_111557-1536x2048.jpg 1536w, https:\/\/moodcandle.pl\/wp-content\/uploads\/2026\/03\/20260203_111557-9x12.jpg 9w, https:\/\/moodcandle.pl\/wp-content\/uploads\/2026\/03\/20260203_111557-600x800.jpg 600w, https:\/\/moodcandle.pl\/wp-content\/uploads\/2026\/03\/20260203_111557-scaled.jpg 1920w\" sizes=\"auto, (max-width: 768px) 100vw, 768px\" \/><\/figure>\n<\/div>\n\n\n\n<div class=\"wp-block-column is-vertically-aligned-top ext-animate--on is-layout-flow wp-container-core-column-is-layout-f5bb311e wp-block-column-is-layout-flow\">\n<figure class=\"wp-block-image size-large is-style-ext-preset--image--natural-1--image-1--content-bottom is-style-ext-preset--image--natural-1--image-1--content-bottom--4\"><img loading=\"lazy\" decoding=\"async\" width=\"768\" height=\"1024\" src=\"https:\/\/moodcandle.pl\/wp-content\/uploads\/2026\/03\/20260129_133051-768x1024.jpg\" alt=\"\" class=\"wp-image-138\" style=\"aspect-ratio:1;object-fit:cover\" srcset=\"https:\/\/moodcandle.pl\/wp-content\/uploads\/2026\/03\/20260129_133051-768x1024.jpg 768w, https:\/\/moodcandle.pl\/wp-content\/uploads\/2026\/03\/20260129_133051-225x300.jpg 225w, https:\/\/moodcandle.pl\/wp-content\/uploads\/2026\/03\/20260129_133051-1152x1536.jpg 1152w, https:\/\/moodcandle.pl\/wp-content\/uploads\/2026\/03\/20260129_133051-1536x2048.jpg 1536w, https:\/\/moodcandle.pl\/wp-content\/uploads\/2026\/03\/20260129_133051-9x12.jpg 9w, https:\/\/moodcandle.pl\/wp-content\/uploads\/2026\/03\/20260129_133051-600x800.jpg 600w, https:\/\/moodcandle.pl\/wp-content\/uploads\/2026\/03\/20260129_133051-scaled.jpg 1920w\" sizes=\"auto, (max-width: 768px) 100vw, 768px\" \/><\/figure>\n\n\n\n<figure class=\"wp-block-image size-large is-style-ext-preset--image--natural-1--image-1--content-bottom is-style-ext-preset--image--natural-1--image-1--content-bottom--5\"><img loading=\"lazy\" decoding=\"async\" width=\"768\" height=\"1024\" src=\"https:\/\/moodcandle.pl\/wp-content\/uploads\/2026\/03\/20251023_120539-768x1024.jpg\" alt=\"\" class=\"wp-image-205\" style=\"aspect-ratio:1;object-fit:cover\" srcset=\"https:\/\/moodcandle.pl\/wp-content\/uploads\/2026\/03\/20251023_120539-768x1024.jpg 768w, https:\/\/moodcandle.pl\/wp-content\/uploads\/2026\/03\/20251023_120539-225x300.jpg 225w, https:\/\/moodcandle.pl\/wp-content\/uploads\/2026\/03\/20251023_120539-1152x1536.jpg 1152w, https:\/\/moodcandle.pl\/wp-content\/uploads\/2026\/03\/20251023_120539-1536x2048.jpg 1536w, https:\/\/moodcandle.pl\/wp-content\/uploads\/2026\/03\/20251023_120539-9x12.jpg 9w, https:\/\/moodcandle.pl\/wp-content\/uploads\/2026\/03\/20251023_120539-600x800.jpg 600w, https:\/\/moodcandle.pl\/wp-content\/uploads\/2026\/03\/20251023_120539-scaled.jpg 1920w\" sizes=\"auto, (max-width: 768px) 100vw, 768px\" \/><\/figure>\n<\/div>\n\n\n\n<div class=\"wp-block-column is-vertically-aligned-top ext-animate--on is-layout-flow wp-container-core-column-is-layout-f5bb311e wp-block-column-is-layout-flow\">\n<figure class=\"wp-block-image size-large is-style-ext-preset--image--natural-1--image-1--content-bottom is-style-ext-preset--image--natural-1--image-1--content-bottom--6\"><img loading=\"lazy\" decoding=\"async\" width=\"768\" height=\"1024\" src=\"https:\/\/moodcandle.pl\/wp-content\/uploads\/2026\/03\/20251215_133417-768x1024.jpg\" alt=\"\" class=\"wp-image-142\" style=\"aspect-ratio:1;object-fit:cover\" srcset=\"https:\/\/moodcandle.pl\/wp-content\/uploads\/2026\/03\/20251215_133417-768x1024.jpg 768w, https:\/\/moodcandle.pl\/wp-content\/uploads\/2026\/03\/20251215_133417-225x300.jpg 225w, https:\/\/moodcandle.pl\/wp-content\/uploads\/2026\/03\/20251215_133417-1152x1536.jpg 1152w, https:\/\/moodcandle.pl\/wp-content\/uploads\/2026\/03\/20251215_133417-1536x2048.jpg 1536w, https:\/\/moodcandle.pl\/wp-content\/uploads\/2026\/03\/20251215_133417-9x12.jpg 9w, https:\/\/moodcandle.pl\/wp-content\/uploads\/2026\/03\/20251215_133417-600x800.jpg 600w, https:\/\/moodcandle.pl\/wp-content\/uploads\/2026\/03\/20251215_133417-scaled.jpg 1920w\" sizes=\"auto, (max-width: 768px) 100vw, 768px\" \/><\/figure>\n\n\n\n<figure class=\"wp-block-image size-large is-style-ext-preset--image--natural-1--image-1--content-bottom is-style-ext-preset--image--natural-1--image-1--content-bottom--7\"><img loading=\"lazy\" decoding=\"async\" width=\"768\" height=\"1024\" src=\"https:\/\/moodcandle.pl\/wp-content\/uploads\/2026\/03\/20260304_104515-768x1024.jpg\" alt=\"\" class=\"wp-image-158\" style=\"aspect-ratio:1;object-fit:cover\" srcset=\"https:\/\/moodcandle.pl\/wp-content\/uploads\/2026\/03\/20260304_104515-768x1024.jpg 768w, https:\/\/moodcandle.pl\/wp-content\/uploads\/2026\/03\/20260304_104515-225x300.jpg 225w, https:\/\/moodcandle.pl\/wp-content\/uploads\/2026\/03\/20260304_104515-1152x1536.jpg 1152w, https:\/\/moodcandle.pl\/wp-content\/uploads\/2026\/03\/20260304_104515-1536x2048.jpg 1536w, https:\/\/moodcandle.pl\/wp-content\/uploads\/2026\/03\/20260304_104515-9x12.jpg 9w, https:\/\/moodcandle.pl\/wp-content\/uploads\/2026\/03\/20260304_104515-600x800.jpg 600w, https:\/\/moodcandle.pl\/wp-content\/uploads\/2026\/03\/20260304_104515-scaled.jpg 1920w\" sizes=\"auto, (max-width: 768px) 100vw, 768px\" \/><\/figure>\n<\/div>\n<\/div>\n<\/div>\n\n\n\n<div class=\"wp-block-group alignfull is-style-ext-preset--group--natural-1--section has-tertiary-background-color has-background has-global-padding is-layout-constrained wp-block-group-is-layout-constrained is-style-ext-preset--group--natural-1--section--8\" style=\"margin-top:0;margin-bottom:0;padding-top:var(--wp--preset--spacing--70);padding-bottom:var(--wp--preset--spacing--70)\">\n<div class=\"wp-block-columns alignwide are-vertically-aligned-center is-layout-flex wp-container-core-columns-is-layout-174606dc wp-block-columns-is-layout-flex\">\n<div class=\"wp-block-column is-vertically-aligned-center is-layout-flow wp-block-column-is-layout-flow\">\n<figure class=\"wp-block-image size-large is-style-ext-preset--image--natural-1--image-1--content-right ext-animate--on is-style-ext-preset--image--natural-1--image-1--content-right--9\"><img loading=\"lazy\" decoding=\"async\" width=\"768\" height=\"1024\" src=\"https:\/\/moodcandle.pl\/wp-content\/uploads\/2026\/03\/20260106_123740-768x1024.jpg\" alt=\"\" class=\"wp-image-216\" style=\"aspect-ratio:1;object-fit:cover\" srcset=\"https:\/\/moodcandle.pl\/wp-content\/uploads\/2026\/03\/20260106_123740-768x1024.jpg 768w, https:\/\/moodcandle.pl\/wp-content\/uploads\/2026\/03\/20260106_123740-225x300.jpg 225w, https:\/\/moodcandle.pl\/wp-content\/uploads\/2026\/03\/20260106_123740-1152x1536.jpg 1152w, https:\/\/moodcandle.pl\/wp-content\/uploads\/2026\/03\/20260106_123740-1536x2048.jpg 1536w, https:\/\/moodcandle.pl\/wp-content\/uploads\/2026\/03\/20260106_123740-9x12.jpg 9w, https:\/\/moodcandle.pl\/wp-content\/uploads\/2026\/03\/20260106_123740-600x800.jpg 600w, https:\/\/moodcandle.pl\/wp-content\/uploads\/2026\/03\/20260106_123740-scaled.jpg 1920w\" sizes=\"auto, (max-width: 768px) 100vw, 768px\" \/><\/figure>\n<\/div>\n\n\n\n<div class=\"wp-block-column is-vertically-aligned-center is-layout-flow wp-block-column-is-layout-flow\">\n<h2 class=\"wp-block-heading ext-animate--on\">Wyj\u0105tkowe Flower Boxy<\/h2>\n\n\n\n<p class=\"ext-animate--on\" style=\"margin-top:1.5rem\">Nasze r\u0119cznie robione sojowe \u015bwiece inspirowane kwiatami tworz\u0105 wyj\u0105tkow\u0105 atmosfer\u0119, oferuj\u0105c naturalne aromaty. Idealne jako prezenty, \u0142\u0105cz\u0105 estetyk\u0119 z ekologi\u0105, poprawiaj\u0105c ka\u017cdy nastr\u00f3j. Swoim wyj\u0105tkowym wygl\u0105dem przyci\u0105gaj\u0105cym spojrzenie. Ciesz\u0105c d\u0142ugotrwa\u0142ym zapachem.<\/p>\n\n\n\n<div class=\"wp-block-buttons ext-animate--on is-layout-flex wp-block-buttons-is-layout-flex\">\n<div class=\"wp-block-button is-style-ext-preset--button--natural-1--button-1 is-style-ext-preset--button--natural-1--button-1--10\"><a class=\"wp-block-button__link wp-element-button\" href=\"https:\/\/moodcandle.pl\/en\/sklep\/\">Dodaj do koszyka<\/a><\/div>\n<\/div>\n<\/div>\n<\/div>\n<\/div>\n\n\n\n<div class=\"wp-block-group alignfull is-style-ext-preset--group--natural-1--section has-background-background-color has-background has-global-padding is-layout-constrained wp-container-core-group-is-layout-e955bbaf wp-block-group-is-layout-constrained is-style-ext-preset--group--natural-1--section--11\" style=\"margin-top:0;margin-bottom:0;padding-top:var(--wp--preset--spacing--70);padding-bottom:var(--wp--preset--spacing--70)\">\n<div class=\"wp-block-group alignwide ext-is-logical-start has-global-padding is-content-justification-left is-layout-constrained wp-container-core-group-is-layout-6729bdbe wp-block-group-is-layout-constrained\">\n<h2 class=\"wp-block-heading ext-animate--on\">Rzemios\u0142o pe\u0142ne pasji, potwierdzone jako\u015bci\u0105<\/h2>\n\n\n\n<p class=\"has-text-align-left ext-animate--on\"><\/p>\n<\/div>\n\n\n\n<div class=\"wp-block-columns alignwide is-layout-flex wp-container-core-columns-is-layout-174606dc wp-block-columns-is-layout-flex\">\n<div class=\"wp-block-column is-vertically-aligned-center is-layout-flow wp-block-column-is-layout-flow\">\n<div class=\"wp-block-columns ext-animate--on is-layout-flex wp-container-core-columns-is-layout-28f84493 wp-block-columns-is-layout-flex\">\n<div class=\"wp-block-column is-vertically-aligned-stretch is-layout-flow wp-block-column-is-layout-flow\">\n<div class=\"wp-block-group is-style-ext-preset--group--natural-1--item-card-1--align-start has-global-padding is-layout-constrained wp-block-group-is-layout-constrained is-style-ext-preset--group--natural-1--item-card-1--align-start--12\">\n<div class=\"wp-block-group is-style-default has-global-padding is-layout-constrained wp-block-group-is-layout-constrained\">\n<figure class=\"wp-block-image size-large ext-aspect-landscape wp-duotone-primary-foreground\"><img decoding=\"async\" src=\"data:image\/svg+xml;base64,PHN2ZyB4bWxucz0iaHR0cDovL3d3dy53My5vcmcvMjAwMC9zdmciIHdpZHRoPSI0OCIgaGVpZ2h0PSI0OCIgZmlsbD0iIzAwMDAwMCIgdmlld0JveD0iMCAwIDI1NiAyNTYiPjxwYXRoIGQ9Ik0xNzIsNzZhNDQsNDQsMCwxLDAtNDQsNDRBNDQuMDUsNDQuMDUsMCwwLDAsMTcyLDc2Wm0tNDQsMjhhMjgsMjgsMCwxLDEsMjgtMjhBMjgsMjgsMCwwLDEsMTI4LDEwNFptNjAsMjRhNDQsNDQsMCwxLDAsNDQsNDRBNDQuMDUsNDQuMDUsMCwwLDAsMTg4LDEyOFptMCw3MmEyOCwyOCwwLDEsMSwyOC0yOEEyOCwyOCwwLDAsMSwxODgsMjAwWk02OCwxMjhhNDQsNDQsMCwxLDAsNDQsNDRBNDQuMDUsNDQuMDUsMCwwLDAsNjgsMTI4Wm0wLDcyYTI4LDI4LDAsMSwxLDI4LTI4QTI4LDI4LDAsMCwxLDY4LDIwMFoiPjwvcGF0aD48L3N2Zz4=\" alt=\"\" style=\"object-fit:cover\"\/><\/figure>\n\n\n\n<h3 class=\"wp-block-heading\">Naturalne sk\u0142adniki<\/h3>\n\n\n\n<p>\u015awiece wykonane s\u0105 z naturalnego wosku sojowego. Zar\u00f3wno barwniki jak i zapach nie zawieraj\u0105 szkodliwych substancji<\/p>\n<\/div>\n<\/div>\n<\/div>\n\n\n\n<div class=\"wp-block-column is-vertically-aligned-stretch is-layout-flow wp-block-column-is-layout-flow\">\n<div class=\"wp-block-group is-style-ext-preset--group--natural-1--item-card-1--align-start has-global-padding is-layout-constrained wp-block-group-is-layout-constrained is-style-ext-preset--group--natural-1--item-card-1--align-start--13\">\n<div class=\"wp-block-group is-style-default has-global-padding is-layout-constrained wp-block-group-is-layout-constrained\">\n<figure class=\"wp-block-image size-large ext-aspect-landscape wp-duotone-primary-foreground\"><img decoding=\"async\" src=\"data:image\/svg+xml;base64,PHN2ZyB4bWxucz0iaHR0cDovL3d3dy53My5vcmcvMjAwMC9zdmciIHdpZHRoPSI0OCIgaGVpZ2h0PSI0OCIgZmlsbD0iIzAwMDAwMCIgdmlld0JveD0iMCAwIDI1NiAyNTYiPjxwYXRoIGQ9Ik04MCw0MGE0MCw0MCwwLDEsMCw0MCw0MEE0MCw0MCwwLDAsMCw4MCw0MFptMCw2NGEyNCwyNCwwLDEsMSwyNC0yNEEyNCwyNCwwLDAsMSw4MCwxMDRabTk2LDE2YTQwLDQwLDAsMSwwLTQwLTQwQTQwLDQwLDAsMCwwLDE3NiwxMjBabTAtNjRhMjQsMjQsMCwxLDEtMjQsMjRBMjQsMjQsMCwwLDEsMTc2LDU2Wk04MCwxMzZhNDAsNDAsMCwxLDAsNDAsNDBBNDAsNDAsMCwwLDAsODAsMTM2Wm0wLDY0YTI0LDI0LDAsMSwxLDI0LTI0QTI0LDI0LDAsMCwxLDgwLDIwMFptMTM2LTI0YTgsOCwwLDAsMS04LDhIMTg0djI0YTgsOCwwLDAsMS0xNiwwVjE4NEgxNDRhOCw4LDAsMCwxLDAtMTZoMjRWMTQ0YTgsOCwwLDAsMSwxNiwwdjI0aDI0QTgsOCwwLDAsMSwyMTYsMTc2WiI+PC9wYXRoPjwvc3ZnPg==\" alt=\"\" style=\"object-fit:cover\"\/><\/figure>\n\n\n\n<h3 class=\"wp-block-heading\">Wyj\u0105tkowy design<\/h3>\n\n\n\n<p>Ka\u017cda \u015bwieca oraz bukiet wykonany jest z wyj\u0105tkow\u0105 staranno\u015bci\u0105. Smakiem oraz poczuciem estetyki.<\/p>\n<\/div>\n<\/div>\n<\/div>\n<\/div>\n\n\n\n<div class=\"wp-block-columns ext-animate--on is-layout-flex wp-container-core-columns-is-layout-28f84493 wp-block-columns-is-layout-flex\">\n<div class=\"wp-block-column is-vertically-aligned-stretch is-layout-flow wp-block-column-is-layout-flow\">\n<div class=\"wp-block-group is-style-ext-preset--group--natural-1--item-card-1--align-start has-global-padding is-layout-constrained wp-block-group-is-layout-constrained is-style-ext-preset--group--natural-1--item-card-1--align-start--14\">\n<div class=\"wp-block-group is-style-default has-global-padding is-layout-constrained wp-block-group-is-layout-constrained\">\n<figure class=\"wp-block-image size-large ext-aspect-landscape wp-duotone-primary-foreground\"><img decoding=\"async\" src=\"data:image\/svg+xml;base64,PHN2ZyB4bWxucz0iaHR0cDovL3d3dy53My5vcmcvMjAwMC9zdmciIHdpZHRoPSI0OCIgaGVpZ2h0PSI0OCIgZmlsbD0iIzAwMDAwMCIgdmlld0JveD0iMCAwIDI1NiAyNTYiPjxwYXRoIGQ9Ik04MCw0MGE0MCw0MCwwLDEsMCw0MCw0MEE0MCw0MCwwLDAsMCw4MCw0MFptMCw2NGEyNCwyNCwwLDEsMSwyNC0yNEEyNCwyNCwwLDAsMSw4MCwxMDRabTk2LDE2YTQwLDQwLDAsMSwwLTQwLTQwQTQwLDQwLDAsMCwwLDE3NiwxMjBabTAtNjRhMjQsMjQsMCwxLDEtMjQsMjRBMjQsMjQsMCwwLDEsMTc2LDU2Wk04MCwxMzZhNDAsNDAsMCwxLDAsNDAsNDBBNDAsNDAsMCwwLDAsODAsMTM2Wm0wLDY0YTI0LDI0LDAsMSwxLDI0LTI0QTI0LDI0LDAsMCwxLDgwLDIwMFptOTYtNjRhNDAsNDAsMCwxLDAsNDAsNDBBNDAsNDAsMCwwLDAsMTc2LDEzNlptMCw2NGEyNCwyNCwwLDEsMSwyNC0yNEEyNCwyNCwwLDAsMSwxNzYsMjAwWiI+PC9wYXRoPjwvc3ZnPg==\" alt=\"\" style=\"object-fit:cover\"\/><\/figure>\n\n\n\n<h3 class=\"wp-block-heading\">Ekologiczna produkcja<\/h3>\n\n\n\n<p>\u015awiadczy o naszym zaanga\u017cowaniu w przyjazne \u015brodowisku metody wytwarzania produkt\u00f3w.<\/p>\n<\/div>\n<\/div>\n<\/div>\n\n\n\n<div class=\"wp-block-column is-vertically-aligned-stretch is-layout-flow wp-block-column-is-layout-flow\">\n<div class=\"wp-block-group is-style-ext-preset--group--natural-1--item-card-1--align-start has-global-padding is-layout-constrained wp-block-group-is-layout-constrained is-style-ext-preset--group--natural-1--item-card-1--align-start--15\">\n<div class=\"wp-block-group is-style-default has-global-padding is-layout-constrained wp-block-group-is-layout-constrained\">\n<figure class=\"wp-block-image size-large ext-aspect-landscape wp-duotone-primary-foreground\"><img decoding=\"async\" src=\"data:image\/svg+xml;base64,PHN2ZyB4bWxucz0iaHR0cDovL3d3dy53My5vcmcvMjAwMC9zdmciIHdpZHRoPSI0OCIgaGVpZ2h0PSI0OCIgZmlsbD0iIzAwMDAwMCIgdmlld0JveD0iMCAwIDI1NiAyNTYiPjxwYXRoIGQ9Ik0yNDgsMTI4YTU2LDU2LDAsMCwxLTk1LjYsMzkuNmwtLjMzLS4zNUw5Mi4xMiw5OS41NWE0MCw0MCwwLDEsMCwwLDU2LjlsOC41Mi05LjYyYTgsOCwwLDEsMSwxMiwxMC42MWwtOC42OSw5LjgxLS4zMy4zNWE1Niw1NiwwLDEsMSwwLTc5LjJsLjMzLjM1LDU5Ljk1LDY3LjdhNDAsNDAsMCwxLDAsMC01Ni45bC04LjUyLDkuNjJhOCw4LDAsMSwxLTEyLTEwLjYxbDguNjktOS44MS4zMy0uMzVBNTYsNTYsMCwwLDEsMjQ4LDEyOFoiPjwvcGF0aD48L3N2Zz4=\" alt=\"\" style=\"object-fit:cover\"\/><\/figure>\n\n\n\n<h3 class=\"wp-block-heading\">Gwarancja satysfakcji klienta<\/h3>\n\n\n\n<p>Zapewnia, \u017ce ka\u017cda \u015bwieca spe\u0142nia najwy\u017csze standardy jako\u015bci, by dostarcza\u0107 wyj\u0105tkowe wra\u017cenia zapachowe.<\/p>\n<\/div>\n<\/div>\n<\/div>\n<\/div>\n<\/div>\n\n\n\n<div class=\"wp-block-column is-vertically-aligned-stretch ext-animate--on is-layout-flow wp-container-core-column-is-layout-119bc444 wp-block-column-is-layout-flow\">\n<div class=\"wp-block-cover is-light is-style-ext-preset--image--natural-1--image-1--content-bottom is-style-ext-preset--image--natural-1--image-1--content-bottom--16\" style=\"padding-top:0;padding-bottom:0;min-height:100%;aspect-ratio:unset;\"><img loading=\"lazy\" decoding=\"async\" width=\"768\" height=\"1024\" class=\"wp-block-cover__image-background wp-image-215 size-large\" alt=\"\" src=\"https:\/\/moodcandle.pl\/wp-content\/uploads\/2026\/03\/20260106_124030-768x1024.jpg\" data-object-fit=\"cover\" srcset=\"https:\/\/moodcandle.pl\/wp-content\/uploads\/2026\/03\/20260106_124030-768x1024.jpg 768w, https:\/\/moodcandle.pl\/wp-content\/uploads\/2026\/03\/20260106_124030-225x300.jpg 225w, https:\/\/moodcandle.pl\/wp-content\/uploads\/2026\/03\/20260106_124030-1152x1536.jpg 1152w, https:\/\/moodcandle.pl\/wp-content\/uploads\/2026\/03\/20260106_124030-1536x2048.jpg 1536w, https:\/\/moodcandle.pl\/wp-content\/uploads\/2026\/03\/20260106_124030-9x12.jpg 9w, https:\/\/moodcandle.pl\/wp-content\/uploads\/2026\/03\/20260106_124030-600x800.jpg 600w, https:\/\/moodcandle.pl\/wp-content\/uploads\/2026\/03\/20260106_124030-scaled.jpg 1920w\" sizes=\"auto, (max-width: 768px) 100vw, 768px\" \/><span aria-hidden=\"true\" class=\"wp-block-cover__background has-background-dim-0 has-background-dim\" style=\"background-color:#ae9e96\"><\/span><div class=\"wp-block-cover__inner-container is-layout-flow wp-block-cover-is-layout-flow\">\n<div style=\"height:240px\" aria-hidden=\"true\" class=\"wp-block-spacer\"><\/div>\n<\/div><\/div>\n<\/div>\n<\/div>\n<\/div>","protected":false},"excerpt":{"rendered":"<p>Wyj\u0105tkowe, r\u0119cznie robione Flower Boxy Zobacz nasze kompozycje! Wyj\u0105tkowe Flower Boxy Nasze r\u0119cznie robione sojowe \u015bwiece inspirowane kwiatami tworz\u0105 wyj\u0105tkow\u0105 atmosfer\u0119, oferuj\u0105c naturalne aromaty. Idealne jako prezenty, \u0142\u0105cz\u0105 estetyk\u0119 z ekologi\u0105, poprawiaj\u0105c ka\u017cdy nastr\u00f3j. Swoim wyj\u0105tkowym wygl\u0105dem przyci\u0105gaj\u0105cym spojrzenie. Ciesz\u0105c d\u0142ugotrwa\u0142ym zapachem. Rzemios\u0142o pe\u0142ne pasji, potwierdzone jako\u015bci\u0105 Naturalne sk\u0142adniki \u015awiece wykonane s\u0105 z naturalnego wosku [&hellip;]<\/p>\n","protected":false},"author":1,"featured_media":0,"parent":0,"menu_order":0,"comment_status":"closed","ping_status":"closed","template":"page-with-title","meta":{"footnotes":""},"class_list":["post-40","page","type-page","status-publish","hentry"],"_links":{"self":[{"href":"https:\/\/moodcandle.pl\/en\/wp-json\/wp\/v2\/pages\/40","targetHints":{"allow":["GET"]}}],"collection":[{"href":"https:\/\/moodcandle.pl\/en\/wp-json\/wp\/v2\/pages"}],"about":[{"href":"https:\/\/moodcandle.pl\/en\/wp-json\/wp\/v2\/types\/page"}],"author":[{"embeddable":true,"href":"https:\/\/moodcandle.pl\/en\/wp-json\/wp\/v2\/users\/1"}],"replies":[{"embeddable":true,"href":"https:\/\/moodcandle.pl\/en\/wp-json\/wp\/v2\/comments?post=40"}],"version-history":[{"count":4,"href":"https:\/\/moodcandle.pl\/en\/wp-json\/wp\/v2\/pages\/40\/revisions"}],"predecessor-version":[{"id":249,"href":"https:\/\/moodcandle.pl\/en\/wp-json\/wp\/v2\/pages\/40\/revisions\/249"}],"wp:attachment":[{"href":"https:\/\/moodcandle.pl\/en\/wp-json\/wp\/v2\/media?parent=40"}],"curies":[{"name":"wp","href":"https:\/\/api.w.org\/{rel}","templated":true}]}}