{"id":122,"date":"2026-03-15T09:31:30","date_gmt":"2026-03-15T09:31:30","guid":{"rendered":"https:\/\/moodcandle.pl\/?post_type=product&#038;p=122"},"modified":"2026-03-16T19:45:14","modified_gmt":"2026-03-16T19:45:14","slug":"flower-box-rozm-l","status":"publish","type":"product","link":"https:\/\/moodcandle.pl\/en\/product\/flower-box-rozm-l\/","title":{"rendered":"Flower Box rozm. L"},"content":{"rendered":"<p>Ma\u0142a Manufaktura <b>Mood Candle<\/b> ma przyjemno\u015b\u0107 zaproponowa\u0107 Pa\u0144stwu:<\/p>\n<p>FlowerBox z wosku sojowego to prezent, kt\u00f3ry m\u00f3wi \u201emy\u015bl\u0119 o Tobie\u201d bez potrzeby u\u017cywania s\u0142\u00f3w.<\/p>\n<p>Otula zapachem, tworzy ciep\u0142\u0105 atmosfer\u0119 i zostaje na d\u0142u\u017cej ni\u017c zwyk\u0142e kwiaty.<\/p>\n<p>Ka\u017cdy detal powstaje r\u0119cznie, z trosk\u0105 i sercem, dzi\u0119ki czemu jest naprawd\u0119 wyj\u0105tkowy.<\/p>\n<p>To drobny luksus, kt\u00f3ry wywo\u0142uje u\u015bmiech za ka\u017cdym razem, gdy na niego spojrzysz lub poczujesz zapach.<\/p>\n<p>Idealny wyb\u00f3r, gdy chcesz podarowa\u0107 emocje, a nie tylko przedmiot.<\/p>\n<p>&nbsp;<\/p>\n<p><b>W uwagach do zam\u00f3wienia wybierz kolor kompozycji!<\/b><\/p>\n<div class=\"mpof_ki myre_zn myre_8v_l m389_6m_l\">\n<div class=\"mp4t_16_s mryx_16_s mr3m_1 mli2_1 mh85_56 mh85_0_l\">\n<div class=\"mgn2_16 _0d3bd_am0a-\">\n<p>&nbsp;<\/p>\n<p>\u27a1 Charakterystyka produktu<\/p>\n<p>\u2705\u00a0\u00a0 Zapach: <b>Life is beautiful inspirowany kultowymi perfumami La Vie Est Belle &#8211; elegancka, s\u0142odka i emanuj\u0105ca optymizmem kompozycja<\/b><\/p>\n<p>\u2705\u00a0\u00a0 Ekologiczne materia\u0142y\u00a0 \u2013 do wykonania FlowerBoxu u\u017cywam tylko naturalnego wosku sojowego, barwnik\u00f3w wega\u0144skich lub t\u0142uszczowych oraz zapach\u00f3w z mi\u0119dzynarodowym certyfikatem IFRA.<\/p>\n<p>\u2705\u00a0\u00a0 D\u0142ugotrwa\u0142y efekt \u2013 bukiet nigdy nie zwi\u0119dnie a zapach utrzymuje si\u0119 do kilku miesi\u0119cy.<\/p>\n<p>\u2705\u00a0\u00a0 Wosk u\u017cyty do wykonania \u015bwiec jest woskiem naturalnym, spalaj\u0105c nie dymi i nie wydziela szkodliwej sadzy.<\/p>\n<p>\u2705\u00a0\u00a0 FlowerBox \u2013 to gotowy prezent na ka\u017cd\u0105 okazj\u0119.<\/p>\n<p>\u2705\u00a0\u00a0 R\u0119cznie wykonany FlowerBox &#8211; ka\u017cdy kwiat zosta\u0142 wykonany z ogromn\u0105 staranno\u015bci\u0105. Ca\u0142o\u015b\u0107 zosta\u0142a dobrana dla osi\u0105gni\u0119cia efektu ekskluzywnego bukietu.<\/p>\n<p>\u2705\u00a0\u00a0 To prezent uniwersalny wr\u0119cz idealny na ka\u017cd\u0105 okazj\u0119. Jako prezent, podzi\u0119kowanie lub wyraz mi\u0142o\u015bci, b\u0119dzie perfekcyjnym podkre\u015bleniem wagi okazji.<\/p>\n<\/div>\n<\/div>\n<\/div>\n<div class=\"mpof_ki myre_zn myre_8v_l m389_6m_l\">\n<div class=\"mp4t_16_s mryx_16_s mr3m_1 mli2_1 mh85_56 mh85_0_l\">\n<div class=\"mgn2_16 _0d3bd_am0a-\">\n<p><strong>Nie masz pomys\u0142u na prezent?<\/strong><\/p>\n<p>M\u00f3j FlowerBox znakomicie sprawdzi si\u0119 na:<\/p>\n<p>\u27a1 Urodziny, Imieniny, rocznice<\/p>\n<p>\u27a1 Prezent \u015alubny, podzi\u0119kowanie lub dekoracja weselna<\/p>\n<p>\u27a1 Chrzest, \u00a0komunia czy baby shower<\/p>\n<p>\u27a1 \u015awi\u0119ta Bo\u017cego Narodzenia, Wielkanoc<\/p>\n<p>\u27a1 Dzie\u0144 Matki, Babci, Dzie\u0144 Kobiet, Walentynki, Dzie\u0144 Nauczyciela<\/p>\n<p>\u27a1 Podzi\u0119kowanie dla klienta<\/p>\n<\/div>\n<\/div>\n<div class=\"mp4t_16_s mryx_16_s mr3m_1 mli2_1 mh85_56 mh85_0_l\">\n<div class=\"mg9e_8 mj7a_8 mg9e_0_s mvrt_0_s mj7a_0_s mh36_0_s mzmg_6m munh_16_l m3h2_16_l\">\n<div class=\"mp4t_0 mryx_0 munh_56 m3h2_56\">\n<div class=\"mp7g_oh\"><strong>Podstawowe informacje o FloweBox<\/strong><\/div>\n<\/div>\n<\/div>\n<\/div>\n<\/div>\n<div class=\"mpof_ki myre_zn myre_8v_l m389_6m_l\">\n<div class=\"mp4t_16_s mryx_16_s mr3m_1 mli2_1 mh85_56 mh85_0_l\">\n<div class=\"mgn2_16 _0d3bd_am0a-\">\n<p>\u2714\ufe0f Wymiary pude\u0142ka ok. &#8230;.cm<\/p>\n<p>\u2714\ufe0f Wymiary kompozycji ok. &#8230;..cm<\/p>\n<p>\u2714\ufe0f Waga ca\u0142o\u015bci: ok. &#8230;.g<\/p>\n<p>\u2714\ufe0f Waga \u015bwiec u\u017cytych do wykonania bukietu: ok. &#8230;.. g<\/p>\n<p>\u2714\ufe0f Ka\u017cdy kwiat posiada knot \u2013 mo\u017ce by\u0107 u\u017cyty jako \u015bwieca, wk\u0142ad do kominka zapachowego jednak najlepiej cieszy oko w bukiecie<\/p>\n<p>\u2714\ufe0f wype\u0142nienie wykonane z naturalnych suszonych oraz stabilizowanych ro\u015blin<\/p>\n<p>\u2714\ufe0fZapach: <b>Life is beautiful inspirowany kultowymi perfumami La Vie Est Belle &#8211; Lancome<\/b><\/p>\n<p>&nbsp;<\/p>\n<\/div>\n<\/div>\n<\/div>\n<div class=\"mpof_ki myre_zn myre_8v_l m389_6m_l\">\n<div class=\"mp4t_16_s mryx_16_s mr3m_1 mli2_1 mh85_56 mh85_0_l\">\n<div class=\"mgn2_16 _0d3bd_am0a-\">\n<p><strong>Dlaczego FlowerBox Mood Candle?<\/strong><\/p>\n<p>&nbsp;<\/p>\n<p>Zamiast bukietu, kt\u00f3ry cieszy tylko przez chwil\u0119, wybierasz kompozycj\u0119, kt\u00f3ra zostaje na d\u0142u\u017cej i ka\u017cdego dnia przypomina o pi\u0119knym ge\u015bcie.<\/p>\n<p>FlowerBox \u0142\u0105czy w sobie delikatno\u015b\u0107 kwiat\u00f3w z ciep\u0142em zapachu \u015bwiecy, tworz\u0105c atmosfer\u0119 spokoju i przytulno\u015bci.<\/p>\n<p>Starannie dobrane kolory, detale i elegancka forma sprawiaj\u0105, \u017ce wygl\u0105da jak prezent z najwy\u017cszej p\u00f3\u0142ki.<\/p>\n<p>Jest gotowy do wr\u0119czenia \u2014 nie wymaga dodatkowego pakowania ani zastanawiania si\u0119, czy \u201eto wystarczy\u201d.<\/p>\n<p>Uniwersalny styl sprawia, \u017ce idealnie odnajdzie si\u0119 zar\u00f3wno w nowoczesnych, minimalistycznych wn\u0119trzach, jak i tych bardziej klasycznych i romantycznych.<\/p>\n<\/div>\n<\/div>\n<\/div>","protected":false},"excerpt":{"rendered":"<p>Ma\u0142a Manufaktura Mood Candle ma przyjemno\u015b\u0107 zaproponowa\u0107 Pa\u0144stwu: FlowerBox z wosku sojowego to prezent, kt\u00f3ry m\u00f3wi \u201emy\u015bl\u0119 o Tobie\u201d bez potrzeby u\u017cywania s\u0142\u00f3w. Otula zapachem, tworzy ciep\u0142\u0105 atmosfer\u0119 i zostaje na d\u0142u\u017cej ni\u017c zwyk\u0142e kwiaty. Ka\u017cdy detal powstaje r\u0119cznie, z trosk\u0105 i sercem, dzi\u0119ki czemu jest naprawd\u0119 wyj\u0105tkowy. To drobny luksus, kt\u00f3ry wywo\u0142uje u\u015bmiech za [&hellip;]<\/p>\n","protected":false},"featured_media":141,"comment_status":"open","ping_status":"closed","template":"","meta":[],"product_brand":[],"product_cat":[19],"product_tag":[],"class_list":{"0":"post-122","1":"product","2":"type-product","3":"status-publish","4":"has-post-thumbnail","6":"product_cat-flowerboxy","8":"first","9":"instock","10":"taxable","11":"shipping-taxable","12":"purchasable","13":"product-type-simple"},"_links":{"self":[{"href":"https:\/\/moodcandle.pl\/en\/wp-json\/wp\/v2\/product\/122","targetHints":{"allow":["GET"]}}],"collection":[{"href":"https:\/\/moodcandle.pl\/en\/wp-json\/wp\/v2\/product"}],"about":[{"href":"https:\/\/moodcandle.pl\/en\/wp-json\/wp\/v2\/types\/product"}],"replies":[{"embeddable":true,"href":"https:\/\/moodcandle.pl\/en\/wp-json\/wp\/v2\/comments?post=122"}],"wp:featuredmedia":[{"embeddable":true,"href":"https:\/\/moodcandle.pl\/en\/wp-json\/wp\/v2\/media\/141"}],"wp:attachment":[{"href":"https:\/\/moodcandle.pl\/en\/wp-json\/wp\/v2\/media?parent=122"}],"wp:term":[{"taxonomy":"product_brand","embeddable":true,"href":"https:\/\/moodcandle.pl\/en\/wp-json\/wp\/v2\/product_brand?post=122"},{"taxonomy":"product_cat","embeddable":true,"href":"https:\/\/moodcandle.pl\/en\/wp-json\/wp\/v2\/product_cat?post=122"},{"taxonomy":"product_tag","embeddable":true,"href":"https:\/\/moodcandle.pl\/en\/wp-json\/wp\/v2\/product_tag?post=122"}],"curies":[{"name":"wp","href":"https:\/\/api.w.org\/{rel}","templated":true}]}}